{"id":4780,"date":"2022-09-16T12:00:16","date_gmt":"2022-09-16T10:00:16","guid":{"rendered":"https:\/\/donostiajesuitak.org\/aviso-legal\/"},"modified":"2023-10-16T06:27:25","modified_gmt":"2023-10-16T04:27:25","slug":"aviso-legal","status":"publish","type":"page","link":"https:\/\/donostiajesuitak.org\/eu\/aviso-legal\/","title":{"rendered":"Aviso Legal"},"content":{"rendered":"<p>[et_pb_section fb_built=&#8221;1&#8243; _builder_version=&#8221;4.18.0&#8243; _module_preset=&#8221;default&#8221; global_colors_info=&#8221;{}&#8221;][et_pb_row _builder_version=&#8221;4.18.0&#8243; _module_preset=&#8221;default&#8221; global_colors_info=&#8221;{}&#8221;][et_pb_column type=&#8221;4_4&#8243; _builder_version=&#8221;4.18.0&#8243; _module_preset=&#8221;default&#8221; global_colors_info=&#8221;{}&#8221;][et_pb_text _builder_version=&#8221;4.18.0&#8243; _module_preset=&#8221;default&#8221; global_colors_info=&#8221;{}&#8221;]<\/p>\n<h1 class=\"text-left\">Aviso Legal<\/h1>\n<p class=\"text-left\">Las presentes Condiciones Generales tienen por objeto regular las condiciones de uso del Sitio Web https:\/\/www.donostiajesuitak.org (en adelante, \u201cla web\u201d), cuyo titular es Colegio San Ignacio de Loyola Ikastetxea (en adelante, \u201cCOLEGIO\u201d), con CIF R2000028G, domicilio en Calzada Vieja de Ategorrieta 28, 20013, Donostia e inscrita en el Registro de entidades religiosas con el n\u00famero 004184. Centro autorizado por Orden Ministerial en fecha 12\/05\/1982 y con el que se puede poner en contacto a trav\u00e9s del correo electr\u00f3nico <a href=\"mailto:ikastetxea@donostiajesuitak.org\">ikastetxea@donostiajesuitak.org<\/a> y del tel\u00e9fono 943 28 95 00.<\/p>\n<p class=\"text-left\"><b>1. Condiciones de acceso.<\/b><\/p>\n<p class=\"text-left\" style=\"padding-left: 40px;\">La finalidad de esta web es facilitar informaci\u00f3n sobre nuestros servicios y actividades. Su utilizaci\u00f3n supone la aceptaci\u00f3n plena por el Usuario de estas condiciones, por lo que si no est\u00e1 de acuerdo con el contenido de las mismas deber\u00e1 abstenerse de hacer uso de la web, as\u00ed como de los servicios ofrecidos en ella. \u201cCOLEGIO\u201d se reserva el derecho a efectuar las modificaciones que estime oportunas, pudiendo modificar, suprimir o incluir, sin previo aviso, nuevos contenidos y\/o servicios, as\u00ed como la forma en que \u00e9stos aparezcan presentados y localizados y las condiciones de uso de la web.<\/p>\n<p class=\"text-left\" style=\"padding-left: 40px;\">El Usuario acepta que el acceso y uso de la web y de los contenidos incluidos en la misma tiene lugar libre y conscientemente, bajo su exclusiva responsabilidad, y en consecuencia se compromete a:<\/p>\n<ul>\n<li style=\"list-style-type: none;\">\n<ul>\n<li style=\"list-style-type: none;\">\n<ul>\n<li style=\"list-style-type: none;\">\n<ul>\n<li style=\"list-style-type: none;\">\n<ul>\n<li style=\"list-style-type: none;\">\n<ul>\n<li>No utilizar la web para la realizaci\u00f3n de actividades contrarias a la ley, a la moral, al orden p\u00fablico, en general, y hacer un uso l\u00edcito y honrado conforme a las presentes Condiciones Generales, as\u00ed como abstenerse de realizar cualquier acto que pudiera da\u00f1ar, inutilizar, sobrecargar o deteriorar la web y\/o impedir el normal uso y utilizaci\u00f3n por parte del resto de Usuarios.<\/li>\n<li>No manipular o alterar cualquier contenido de la web sin el consentimiento expreso y por escrito de su titular. Cualquier alteraci\u00f3n, modificaci\u00f3n o manipulaci\u00f3n sin el consentimiento de su titular, exime a su \u00e9ste de responsabilidad alguna.<\/li>\n<li>No reproducir, copiar, distribuir, comunicar p\u00fablicamente, transformar o modificar los contenidos, a menos que se cuente con la preceptiva autorizaci\u00f3n del titular de los correspondientes derechos o ello resulte legalmente permitido; as\u00ed como suprimir, eludir o manipular el Copyright y dem\u00e1s datos identificativos de los derechos de \u201cCOLEGIO\u201d o de sus titulares incorporados a los contenidos, as\u00ed como los dispositivos t\u00e9cnicos de protecci\u00f3n, o cualesquiera mecanismos de informaci\u00f3n que pudieren contener los rese\u00f1ados contenid<\/li>\n<li>No introducir o difundir en la web, programas de datos (virus o cualquier tipo de software de car\u00e1cter nocivo) susceptibles de provocar da\u00f1os en la web. \u201cCOLEGIO\u201d no garantiza la disponibilidad y continuidad de la web ni se hace responsable de cualesquiera da\u00f1os y perjuicios puedan producirse, ni de los defectos t\u00e9cnicos, incluidos virus u otros elementos lesivos, cualquiera que sea la naturaleza, derivados del uso de la informaci\u00f3n y de las materias contenidas en la web.<\/li>\n<\/ul>\n<\/li>\n<\/ul>\n<\/li>\n<\/ul>\n<\/li>\n<\/ul>\n<\/li>\n<\/ul>\n<\/li>\n<\/ul>\n<p class=\"text-left\"><b>2. Uso de cookies.<\/b><\/p>\n<p class=\"text-left\" style=\"padding-left: 40px;\">Con el objeto de prestar un mejor servicio, \u201cCOLEGIO\u201d puede almacenar en el ordenador del Usuario peque\u00f1os ficheros de informaci\u00f3n denominados cookies, utilizados para el correcto funcionamiento de algunos de los servicios que se ofrecen, as\u00ed como para realizar estad\u00edsticas de uso, diagnosticar problemas en la web, y para la administraci\u00f3n de algunos de los servicios ofrecidos. Para limitar o restringir la admisi\u00f3n de cookies en su equipo, el Usuario puede configurar su navegador a estos efectos. Para m\u00e1s informaci\u00f3n, por favor visite nuestra pol\u00edtica de cookies.<\/p>\n<p class=\"text-left\"><b>3. Responsabilidades.<\/b><\/p>\n<p class=\"text-left\" style=\"padding-left: 40px;\">El Usuario responder\u00e1 de los da\u00f1os y perjuicios de toda naturaleza que \u201cCOLEGIO\u201d o cualquier tercero pueda sufrir como consecuencia del incumplimiento de cualquiera de las obligaciones a las que queda sometido por las presentes Condiciones Generales.<\/p>\n<p class=\"text-left\" style=\"padding-left: 40px;\">\u201cCOLEGIO\u201d no asume ninguna responsabilidad ni realiza ning\u00fan control sobre los posibles hiperv\u00ednculos que contenga la web a contenidos externos a la misma; no obstante, retirar\u00e1 aquellos enlaces que incluyan contenidos il\u00edcitos tan pronto como pueda conocerlo.<\/p>\n<p class=\"text-left\"><b>4. Propiedad Intelectual e Industrial.<\/b><\/p>\n<p class=\"text-left\" style=\"padding-left: 40px;\">El Usuario reconoce que todos los contenidos de la web y, en concreto, de toda la informaci\u00f3n y materiales, la estructura, selecci\u00f3n, ordenaci\u00f3n y prestaci\u00f3n de sus contenidos, programas y desarrollo de aplicaciones utilizados en relaci\u00f3n con ellos, est\u00e1n protegidos por derechos de propiedad intelectual e industrial propiedad del titular de la web o, en su caso, de terceros.<\/p>\n<p class=\"text-left\" style=\"padding-left: 40px;\">En ning\u00fan caso el acceso a los mismos o su utilizaci\u00f3n por parte del Usuario implicar\u00e1 ning\u00fan tipo de renuncia, transmisi\u00f3n o cesi\u00f3n total ni parcial de dichos derechos, ni confiere ning\u00fan derecho de utilizaci\u00f3n, alteraci\u00f3n, explotaci\u00f3n, reproducci\u00f3n, distribuci\u00f3n o comunicaci\u00f3n p\u00fablica sobre dichos contenidos sin la previa y expresa autorizaci\u00f3n espec\u00edficamente otorgada a tal efecto por parte de \u201cCOLEGIO\u201d o del tercero titular de los derechos afectados.<\/p>\n<p class=\"text-left\" style=\"padding-left: 40px;\">\u201cCOLEGIO\u201d es titular de los elementos que integran el dise\u00f1o gr\u00e1fico de su web, los men\u00fas, botones de navegaci\u00f3n, el c\u00f3digo, los textos, im\u00e1genes, texturas, gr\u00e1ficos y cualquier otro contenido de la p\u00e1gina web o, en otros casos, dispone de la correspondiente autorizaci\u00f3n para la utilizaci\u00f3n de dichos elementos.<\/p>\n<p class=\"text-left\" style=\"padding-left: 40px;\">Todas las marcas, nombres comerciales o signos distintivos mostrados en esta p\u00e1gina son propiedad de \u201cCOLEGIO\u201d y\/o de terceras empresas. Se proh\u00edbe usarlos o descargarlos permanentemente, copiarlos o distribuirlos por cualquier medio sin el preceptivo consentimiento de su titular.<\/p>\n<p class=\"text-left\" style=\"padding-left: 40px;\">En el caso de que cualquier Usuario o un tercero consideren que cualquiera de los contenidos ha sido introducido en la web con violaci\u00f3n de sus derechos de Propiedad Intelectual o Industrial deber\u00e1 enviar una notificaci\u00f3n a \u201cCOLEGIO\u201d identific\u00e1ndose a s\u00ed mismo y al titular de los derechos de propiedad intelectual o industrial supuestamente infringidos, aportando t\u00edtulo o acreditaci\u00f3n de la representaci\u00f3n de los mencionados derechos.<\/p>\n<p class=\"text-left\"><b>5. Protecci\u00f3n de datos.<\/b><\/p>\n<p class=\"text-left\" style=\"padding-left: 40px;\">Para obtener informaci\u00f3n acerca del uso de sus datos, consulte nuestra<span>\u00a0<\/span><a href=\"https:\/\/donostiajesuitak.org\/eu\/pribatutasun-politika\/\" target=\"_blank\" rel=\"noopener\">Pol\u00edtica de Privacidad<\/a>.<\/p>\n<p class=\"text-left\"><b>6. Confidencialidad.<\/b><\/p>\n<p class=\"text-left\" style=\"padding-left: 40px;\">Toda informaci\u00f3n que cualquiera de las partes comunique o facilite a la otra o a la que tengan acceso cualquiera de ellas, ser\u00e1 considerada confidencial y no podr\u00e1 ser divulgada, mostrada, reproducida, copiada, discutida con terceros, ni empleada por ninguna de las partes para fines ajenos a los que motivaron su comunicaci\u00f3n.<\/p>\n<p class=\"text-left\"><b>7. Legislaci\u00f3n aplicable y jurisdicci\u00f3n.<\/b><\/p>\n<p class=\"text-left\" style=\"padding-left: 40px;\">Las presentes Condiciones Generales se regir\u00e1n por lo dispuesto en la legislaci\u00f3n espa\u00f1ola. Para cuantas cuestiones pudieran suscitarse entre las partes en relaci\u00f3n con la interpretaci\u00f3n y ejecuci\u00f3n del presente documento, ambas partes acuerdan de forma expresa y con renuncia de cualquier otro fuero que pudiera corresponderles, a la jurisdicci\u00f3n de los Juzgados y Tribunales de Donostia\/San Sebasti\u00e1n.<\/p>\n<p class=\"text-left\" style=\"padding-left: 40px;\">\n<p><strong>CUMPLIMIENTO LEGAL<\/strong><\/p>\n<p>Jesuitak Donostia dispone de un Sistema de Cumplimiento para asegurar que actuamos de conformidad con toda la legislaci\u00f3n y normativas aplicables a nuestra actividad.\u00a0Cualquier persona que tenga conocimiento de una conducta que pueda implicar la comisi\u00f3n de alguna irregularidad o de alg\u00fan acto contrario a la legislaci\u00f3n, al C\u00f3digo de Conducta o a las normas y medidas desarrolladas por Jesuitak Donostia a tal fin, deber\u00e1 comunicarlo a trav\u00e9s del canal de denuncias.\u00a0Las comunicaciones o denuncias podr\u00e1n hacerse llegar al Comit\u00e9 de Cumplimiento a trav\u00e9s de cualquiera de los siguientes medios:<\/p>\n<ul>\n<li>Correo electr\u00f3nico:\u00a0<a href=\"mailto:comitecumplimiento@jesuitas.es\">comitecumplimiento@jesuitas.es<\/a><\/li>\n<li>Correo postal: Comit\u00e9 de Cumplimiento. Compa\u00f1\u00eda de Jes\u00fas. Avenida de la Moncloa, 6, 28003-Madrid<\/li>\n<li>Fax: 915358243.<\/li>\n<\/ul>\n<p><strong>\u00a0<\/strong>El escrito de denuncia deber\u00e1 contener, al menos, los siguientes extremos:<\/p>\n<ul>\n<li>la identificaci\u00f3n de quien la haga.<\/li>\n<li>la descripci\u00f3n detallada de los hechos denunciados (circunstancias, fechas, \u00e1rea de actividad afectada, personas implicadas, personas que presenciaron o tienen conocimiento de los hechos\u2026).<\/li>\n<li>la identificaci\u00f3n del responsable del incumplimiento si es conocido.<\/li>\n<\/ul>\n<p>A la denuncia deber\u00e1n acompa\u00f1arse todos los elementos probatorios de los que se disponga.<\/p>\n<p>Excepcionalmente podr\u00e1n admitirse tambi\u00e9n denuncias an\u00f3nimas siempre que est\u00e9n suficientemente motivadas y acompa\u00f1adas de los correspondientes elementos probatorios.<\/p>\n<p>&nbsp;<\/p>\n<p>&nbsp;<\/p>\n<p>[\/et_pb_text][\/et_pb_column][\/et_pb_row][\/et_pb_section]<\/p>\n","protected":false},"excerpt":{"rendered":"<p>Aviso Legal Las presentes Condiciones Generales tienen por objeto regular las condiciones de uso del Sitio Web https:\/\/www.donostiajesuitak.org (en adelante, \u201cla web\u201d), cuyo titular es Colegio San Ignacio de Loyola Ikastetxea (en adelante, \u201cCOLEGIO\u201d), con CIF R2000028G, domicilio en Calzada Vieja de Ategorrieta 28, 20013, Donostia e inscrita en el Registro de entidades religiosas con [&hellip;]<\/p>\n","protected":false},"author":1,"featured_media":0,"parent":0,"menu_order":999,"comment_status":"closed","ping_status":"closed","template":"","meta":{"_et_pb_use_builder":"on","_et_pb_old_content":"","_et_gb_content_width":"","footnotes":""},"class_list":["post-4780","page","type-page","status-publish","hentry"],"yoast_head":"<!-- This site is optimized with the Yoast SEO plugin v27.1.1 - https:\/\/yoast.com\/product\/yoast-seo-wordpress\/ -->\n<title>Aviso Legal - Jesuitak<\/title>\n<meta name=\"robots\" content=\"noindex, nofollow\" \/>\n<meta property=\"og:locale\" content=\"eu_ES\" \/>\n<meta property=\"og:type\" content=\"article\" \/>\n<meta property=\"og:title\" content=\"Aviso Legal - Jesuitak\" \/>\n<meta property=\"og:description\" content=\"Aviso Legal Las presentes Condiciones Generales tienen por objeto regular las condiciones de uso del Sitio Web https:\/\/www.donostiajesuitak.org (en adelante, \u201cla web\u201d), cuyo titular es Colegio San Ignacio de Loyola Ikastetxea (en adelante, \u201cCOLEGIO\u201d), con CIF R2000028G, domicilio en Calzada Vieja de Ategorrieta 28, 20013, Donostia e inscrita en el Registro de entidades religiosas con [&hellip;]\" \/>\n<meta property=\"og:url\" content=\"https:\/\/donostiajesuitak.org\/eu\/aviso-legal\/\" \/>\n<meta property=\"og:site_name\" content=\"Jesuitak\" \/>\n<meta property=\"article:modified_time\" content=\"2023-10-16T04:27:25+00:00\" \/>\n<meta name=\"twitter:card\" content=\"summary_large_image\" \/>\n<meta name=\"twitter:label1\" content=\"Est. reading time\" \/>\n\t<meta name=\"twitter:data1\" content=\"5 minutes\" \/>\n<script type=\"application\/ld+json\" class=\"yoast-schema-graph\">{\"@context\":\"https:\/\/schema.org\",\"@graph\":[{\"@type\":\"WebPage\",\"@id\":\"https:\/\/donostiajesuitak.org\/eu\/aviso-legal\/\",\"url\":\"https:\/\/donostiajesuitak.org\/eu\/aviso-legal\/\",\"name\":\"Aviso Legal - Jesuitak\",\"isPartOf\":{\"@id\":\"https:\/\/donostiajesuitak.org\/#website\"},\"datePublished\":\"2022-09-16T10:00:16+00:00\",\"dateModified\":\"2023-10-16T04:27:25+00:00\",\"breadcrumb\":{\"@id\":\"https:\/\/donostiajesuitak.org\/eu\/aviso-legal\/#breadcrumb\"},\"inLanguage\":\"eu-ES\",\"potentialAction\":[{\"@type\":\"ReadAction\",\"target\":[\"https:\/\/donostiajesuitak.org\/eu\/aviso-legal\/\"]}]},{\"@type\":\"BreadcrumbList\",\"@id\":\"https:\/\/donostiajesuitak.org\/eu\/aviso-legal\/#breadcrumb\",\"itemListElement\":[{\"@type\":\"ListItem\",\"position\":1,\"name\":\"Portada\",\"item\":\"https:\/\/donostiajesuitak.org\/eu\/hasiera\/\"},{\"@type\":\"ListItem\",\"position\":2,\"name\":\"Aviso Legal\"}]},{\"@type\":\"WebSite\",\"@id\":\"https:\/\/donostiajesuitak.org\/#website\",\"url\":\"https:\/\/donostiajesuitak.org\/\",\"name\":\"Jesuitak\",\"description\":\"Jesuitak\",\"potentialAction\":[{\"@type\":\"SearchAction\",\"target\":{\"@type\":\"EntryPoint\",\"urlTemplate\":\"https:\/\/donostiajesuitak.org\/?s={search_term_string}\"},\"query-input\":{\"@type\":\"PropertyValueSpecification\",\"valueRequired\":true,\"valueName\":\"search_term_string\"}}],\"inLanguage\":\"eu-ES\"}]}<\/script>\n<!-- \/ Yoast SEO plugin. -->","yoast_head_json":{"title":"Aviso Legal - Jesuitak","robots":{"index":"noindex","follow":"nofollow"},"og_locale":"eu_ES","og_type":"article","og_title":"Aviso Legal - Jesuitak","og_description":"Aviso Legal Las presentes Condiciones Generales tienen por objeto regular las condiciones de uso del Sitio Web https:\/\/www.donostiajesuitak.org (en adelante, \u201cla web\u201d), cuyo titular es Colegio San Ignacio de Loyola Ikastetxea (en adelante, \u201cCOLEGIO\u201d), con CIF R2000028G, domicilio en Calzada Vieja de Ategorrieta 28, 20013, Donostia e inscrita en el Registro de entidades religiosas con [&hellip;]","og_url":"https:\/\/donostiajesuitak.org\/eu\/aviso-legal\/","og_site_name":"Jesuitak","article_modified_time":"2023-10-16T04:27:25+00:00","twitter_card":"summary_large_image","twitter_misc":{"Est. reading time":"5 minutes"},"schema":{"@context":"https:\/\/schema.org","@graph":[{"@type":"WebPage","@id":"https:\/\/donostiajesuitak.org\/eu\/aviso-legal\/","url":"https:\/\/donostiajesuitak.org\/eu\/aviso-legal\/","name":"Aviso Legal - Jesuitak","isPartOf":{"@id":"https:\/\/donostiajesuitak.org\/#website"},"datePublished":"2022-09-16T10:00:16+00:00","dateModified":"2023-10-16T04:27:25+00:00","breadcrumb":{"@id":"https:\/\/donostiajesuitak.org\/eu\/aviso-legal\/#breadcrumb"},"inLanguage":"eu-ES","potentialAction":[{"@type":"ReadAction","target":["https:\/\/donostiajesuitak.org\/eu\/aviso-legal\/"]}]},{"@type":"BreadcrumbList","@id":"https:\/\/donostiajesuitak.org\/eu\/aviso-legal\/#breadcrumb","itemListElement":[{"@type":"ListItem","position":1,"name":"Portada","item":"https:\/\/donostiajesuitak.org\/eu\/hasiera\/"},{"@type":"ListItem","position":2,"name":"Aviso Legal"}]},{"@type":"WebSite","@id":"https:\/\/donostiajesuitak.org\/#website","url":"https:\/\/donostiajesuitak.org\/","name":"Jesuitak","description":"Jesuitak","potentialAction":[{"@type":"SearchAction","target":{"@type":"EntryPoint","urlTemplate":"https:\/\/donostiajesuitak.org\/?s={search_term_string}"},"query-input":{"@type":"PropertyValueSpecification","valueRequired":true,"valueName":"search_term_string"}}],"inLanguage":"eu-ES"}]}},"_links":{"self":[{"href":"https:\/\/donostiajesuitak.org\/eu\/wp-json\/wp\/v2\/pages\/4780","targetHints":{"allow":["GET"]}}],"collection":[{"href":"https:\/\/donostiajesuitak.org\/eu\/wp-json\/wp\/v2\/pages"}],"about":[{"href":"https:\/\/donostiajesuitak.org\/eu\/wp-json\/wp\/v2\/types\/page"}],"author":[{"embeddable":true,"href":"https:\/\/donostiajesuitak.org\/eu\/wp-json\/wp\/v2\/users\/1"}],"replies":[{"embeddable":true,"href":"https:\/\/donostiajesuitak.org\/eu\/wp-json\/wp\/v2\/comments?post=4780"}],"version-history":[{"count":2,"href":"https:\/\/donostiajesuitak.org\/eu\/wp-json\/wp\/v2\/pages\/4780\/revisions"}],"predecessor-version":[{"id":6287,"href":"https:\/\/donostiajesuitak.org\/eu\/wp-json\/wp\/v2\/pages\/4780\/revisions\/6287"}],"wp:attachment":[{"href":"https:\/\/donostiajesuitak.org\/eu\/wp-json\/wp\/v2\/media?parent=4780"}],"curies":[{"name":"wp","href":"https:\/\/api.w.org\/{rel}","templated":true}]}}