{"id":4784,"date":"2022-09-16T12:00:58","date_gmt":"2022-09-16T10:00:58","guid":{"rendered":"https:\/\/donostiajesuitak.org\/politica-de-cookies\/"},"modified":"2023-07-19T16:22:06","modified_gmt":"2023-07-19T14:22:06","slug":"politica-de-cookies","status":"publish","type":"page","link":"https:\/\/donostiajesuitak.org\/eu\/politica-de-cookies\/","title":{"rendered":"Pol\u00edtica de cookies"},"content":{"rendered":"<p>[et_pb_section fb_built=&#8221;1&#8243; _builder_version=&#8221;4.18.0&#8243; _module_preset=&#8221;default&#8221; global_colors_info=&#8221;{}&#8221;][et_pb_row _builder_version=&#8221;4.18.0&#8243; _module_preset=&#8221;default&#8221; global_colors_info=&#8221;{}&#8221;][et_pb_column type=&#8221;4_4&#8243; _builder_version=&#8221;4.18.0&#8243; _module_preset=&#8221;default&#8221; global_colors_info=&#8221;{}&#8221;][et_pb_text _builder_version=&#8221;4.18.0&#8243; _module_preset=&#8221;default&#8221; global_colors_info=&#8221;{}&#8221;]<\/p>\n<section id=\"comocambiamos\" class=\"\">\n<div class=\"row\">\n<div class=\"large-12 columns\">\n<p class=\"text-left\">En cumplimiento de la Ley 34\/2002, de 11 de julio, de Servicios de la Sociedad de la Informaci\u00f3n y Comercio Electr\u00f3nico le informamos de que este sitio web, al igual que la mayor\u00eda de los sitios en Internet, usa Cookies para mejorar y optimizar la experiencia del usuario. A continuaci\u00f3n, encontrar\u00e1 informaci\u00f3n detallada sobre qu\u00e9 son las \u201cCookies\u201d, qu\u00e9 tipolog\u00eda utiliza este sitio web, c\u00f3mo cambiar la configuraci\u00f3n de sus cookies, y qu\u00e9 ocurre si deshabilita las Cookies.<\/p>\n<p class=\"text-left\"><b>\u00bfQu\u00e9 son las cookies?<\/b><\/p>\n<p class=\"text-left\" style=\"padding-left: 40px;\">Una cookie es un peque\u00f1o archivo que se descarga en el equipo del usuario con la finalidad de almacenar datos, los cuales podr\u00e1n ser actualizados y recuperados por la entidad responsable de su instalaci\u00f3n.<\/p>\n<p class=\"text-left\"><b>\u00bfQu\u00e9 tipo de Cookies utiliza esta p\u00e1gina web?<\/b><\/p>\n<table>\n<tbody>\n<tr>\n<th>Dominio<\/th>\n<th>Nombre de la cookie<\/th>\n<th>Descripci\u00f3n\/Finalidad<\/th>\n<th>Proveedor<\/th>\n<th>Caducidad<\/th>\n<\/tr>\n<tr>\n<td>donostiajesuitak.org<\/td>\n<td>_ga<br \/>_gat<br \/>_gid<\/td>\n<td>Anal\u00edtica web<\/td>\n<td>Terceros<\/td>\n<td>2 a\u00f1os<br \/>1 minuto<br \/>24 horas<\/td>\n<\/tr>\n<\/tbody>\n<\/table>\n<p class=\"text-left\"><b>\u00bfC\u00f3mo puede configurar sus Cookies?<\/b><\/p>\n<p class=\"text-left\" style=\"padding-left: 40px;\">Al navegar y continuar en nuestro sitio web estar\u00e1 consintiendo el uso de las Cookies en las condiciones contenidas en la presente Pol\u00edtica de Cookies. Usted como usuario tiene la posibilidad de ejercer su derecho a bloquear, eliminar y rechazar el uso de Cookies, en todo momento, modificando las opciones de su navegador.<\/p>\n<p class=\"text-left\" style=\"padding-left: 40px;\"><b>Internet Explorer:<\/b>\u00a0Herramientas &gt; Opciones de Internet\u00a0&gt; Privacidad\u00a0&gt; Configuraci\u00f3n.<br \/>Para m\u00e1s informaci\u00f3n, puede consultar el\u00a0soporte de Microsoft\u00a0o la Ayuda del navegador.<\/p>\n<p class=\"text-left\" style=\"padding-left: 40px;\"><b>Firefox:<\/b>\u00a0Herramientas\u00a0&gt; Opciones\u00a0&gt; Privacidad\u00a0&gt; Historial\u00a0&gt; Configuraci\u00f3n Personalizada.<br \/>Para m\u00e1s informaci\u00f3n, puede consultar el\u00a0soporte de Mozilla\u00a0o la Ayuda del navegador.<\/p>\n<p class=\"text-left\" style=\"padding-left: 40px;\"><b>Chrome:<\/b>\u00a0Configuraci\u00f3n\u00a0&gt; Mostrar opciones avanzadas\u00a0&gt; Privacidad\u00a0-&gt; Configuraci\u00f3n de contenido.<br \/>Para m\u00e1s informaci\u00f3n, puede consultar el\u00a0soporte de Google\u00a0o la Ayuda del navegador.<\/p>\n<p class=\"text-left\" style=\"padding-left: 40px;\"><b>Safari:<\/b>\u00a0Preferencias\u00a0&gt; Seguridad.<br \/>Para m\u00e1s informaci\u00f3n, puede consultar el\u00a0soporte de Apple\u00a0o la Ayuda del navegador.<\/p>\n<p class=\"text-left\" style=\"padding-left: 40px;\"><b>Opera:<\/b>\u00a0Configuraci\u00f3n &gt; Opciones &gt; Avanzado &gt; Cookies<br \/>Para m\u00e1s informaci\u00f3n, puede consultar el soporte de Opera o la Ayuda del navegador.<\/p>\n<p class=\"text-left\" style=\"padding-left: 40px;\">Si usa otro navegador distinto a los anteriores, consulte su pol\u00edtica de instalaci\u00f3n, uso y bloqueo de cookies.<\/p>\n<p class=\"text-left\"><b>Anal\u00edtica<\/b><\/p>\n<p class=\"text-left\" style=\"padding-left: 40px;\">De forma an\u00f3nima medimos el uso del sitio web para mejorar tu experiencia de usuario mediante la herramienta Google Analytics<\/p>\n<p class=\"text-left\" style=\"padding-left: 40px;\">Google Analytics: Almacena cookies para poder elaborar estad\u00edsticas sobre el tr\u00e1fico y volumen de visitas de esta web. Al utilizar este sitio web est\u00e1s consintiendo el tratamiento de informaci\u00f3n acerca de ti por Google. Por tanto, el ejercicio de cualquier derecho en este sentido deber\u00e1s hacerlo comunicando directamente con Google.<\/p>\n<p class=\"text-left\" style=\"padding-left: 40px;\">Las cookies de Google Analytics, se almacenan en servidores ubicados en Estados Unidos y se comprometen a no compartirla con terceros, excepto en los casos en los que sea necesario para el funcionamiento del sistema o cuando la ley obligue a tal efecto. Seg\u00fan Google no guarda tu direcci\u00f3n IP.<\/p>\n<p class=\"text-left\" style=\"padding-left: 40px;\">Google Inc. es una compa\u00f1\u00eda adherida a \u201cPrivacy Shiels\u201d (escudo de privacidad) que garantiza que todos los datos transferidos ser\u00e1n tratados con un nivel de protecci\u00f3n acorde a la normativa europea.<\/p>\n<p class=\"text-left\" style=\"padding-left: 40px;\">Puedes consultar informaci\u00f3n detallada a este respecto a trav\u00e9s del siguiente enlace: https:\/\/support.google.com\/analytics\/answer\/6004245.<\/p>\n<p class=\"text-left\" style=\"padding-left: 40px;\">Si lo deseas puedes utilizar el Complemento de inhabilitaci\u00f3n para navegadores de Google Analytics a trav\u00e9s de cuyas instrucciones pueden rechazarse las cookies anal\u00edticas de dicho servicio en todos los navegadores.<\/p>\n<p class=\"text-left\" style=\"padding-left: 40px;\">Puedes consultar m\u00e1s informaci\u00f3n al respecto en el siguiente enlace: https:\/\/tools.google.com\/dlpage\/gaoptout<\/p>\n<p class=\"text-left\"><b>\u00bfQu\u00e9 ocurre si se deshabilitan las Cookies?<\/b><\/p>\n<p class=\"text-left\" style=\"padding-left: 40px;\">Algunas funcionalidades de los Servicios y \u00e1reas de este sitio web podr\u00edan no funcionar correctamente si se deshabilitan las cookies.<\/p>\n<p class=\"text-left\"><b>\u00bfActualizamos nuestra Pol\u00edtica de Cookies?<\/b><\/p>\n<p class=\"text-left\" style=\"padding-left: 40px;\">Es posible que actualicemos la Pol\u00edtica de Cookies de nuestra p\u00e1gina web, por ello le recomendamos revisar esta pol\u00edtica cada vez que acceda a nuestro sitio web con el objetivo de estar adecuadamente informado sobre c\u00f3mo y para qu\u00e9 usamos las cookies.<\/p>\n<\/div>\n<\/div>\n<\/section>\n<section class=\"calendariomatricula\">\n<div class=\"row\">\n<div class=\"large-6 medium-6 columns col1\">\u00a0<\/div>\n<\/div>\n<\/section>\n<p>[\/et_pb_text][et_pb_button button_text=&#8221;Configuraci\u00f3n de Cookies&#8221; _builder_version=&#8221;4.21.0&#8243; _module_preset=&#8221;default&#8221; button_url=&#8221;\/#gdpr_cookie_modal&#8221; hover_enabled=&#8221;0&#8243; sticky_enabled=&#8221;0&#8243;][\/et_pb_button][\/et_pb_column][\/et_pb_row][\/et_pb_section]<\/p>\n","protected":false},"excerpt":{"rendered":"<p>En cumplimiento de la Ley 34\/2002, de 11 de julio, de Servicios de la Sociedad de la Informaci\u00f3n y Comercio Electr\u00f3nico le informamos de que este sitio web, al igual que la mayor\u00eda de los sitios en Internet, usa Cookies para mejorar y optimizar la experiencia del usuario. A continuaci\u00f3n, encontrar\u00e1 informaci\u00f3n detallada sobre qu\u00e9 [&hellip;]<\/p>\n","protected":false},"author":1,"featured_media":0,"parent":0,"menu_order":999,"comment_status":"closed","ping_status":"closed","template":"","meta":{"_et_pb_use_builder":"on","_et_pb_old_content":"","_et_gb_content_width":"","footnotes":""},"class_list":["post-4784","page","type-page","status-publish","hentry"],"yoast_head":"<!-- This site is optimized with the Yoast SEO plugin v27.1.1 - https:\/\/yoast.com\/product\/yoast-seo-wordpress\/ -->\n<title>Pol\u00edtica de cookies - Jesuitak<\/title>\n<meta name=\"robots\" content=\"noindex, nofollow\" \/>\n<meta property=\"og:locale\" content=\"eu_ES\" \/>\n<meta property=\"og:type\" content=\"article\" \/>\n<meta property=\"og:title\" content=\"Pol\u00edtica de cookies - Jesuitak\" \/>\n<meta property=\"og:description\" content=\"En cumplimiento de la Ley 34\/2002, de 11 de julio, de Servicios de la Sociedad de la Informaci\u00f3n y Comercio Electr\u00f3nico le informamos de que este sitio web, al igual que la mayor\u00eda de los sitios en Internet, usa Cookies para mejorar y optimizar la experiencia del usuario. A continuaci\u00f3n, encontrar\u00e1 informaci\u00f3n detallada sobre qu\u00e9 [&hellip;]\" \/>\n<meta property=\"og:url\" content=\"https:\/\/donostiajesuitak.org\/eu\/politica-de-cookies\/\" \/>\n<meta property=\"og:site_name\" content=\"Jesuitak\" \/>\n<meta property=\"article:modified_time\" content=\"2023-07-19T14:22:06+00:00\" \/>\n<meta name=\"twitter:card\" content=\"summary_large_image\" \/>\n<script type=\"application\/ld+json\" class=\"yoast-schema-graph\">{\"@context\":\"https:\/\/schema.org\",\"@graph\":[{\"@type\":\"WebPage\",\"@id\":\"https:\/\/donostiajesuitak.org\/eu\/politica-de-cookies\/\",\"url\":\"https:\/\/donostiajesuitak.org\/eu\/politica-de-cookies\/\",\"name\":\"Pol\u00edtica de cookies - Jesuitak\",\"isPartOf\":{\"@id\":\"https:\/\/donostiajesuitak.org\/#website\"},\"datePublished\":\"2022-09-16T10:00:58+00:00\",\"dateModified\":\"2023-07-19T14:22:06+00:00\",\"breadcrumb\":{\"@id\":\"https:\/\/donostiajesuitak.org\/eu\/politica-de-cookies\/#breadcrumb\"},\"inLanguage\":\"eu-ES\",\"potentialAction\":[{\"@type\":\"ReadAction\",\"target\":[\"https:\/\/donostiajesuitak.org\/eu\/politica-de-cookies\/\"]}]},{\"@type\":\"BreadcrumbList\",\"@id\":\"https:\/\/donostiajesuitak.org\/eu\/politica-de-cookies\/#breadcrumb\",\"itemListElement\":[{\"@type\":\"ListItem\",\"position\":1,\"name\":\"Portada\",\"item\":\"https:\/\/donostiajesuitak.org\/eu\/\"},{\"@type\":\"ListItem\",\"position\":2,\"name\":\"Pol\u00edtica de cookies\"}]},{\"@type\":\"WebSite\",\"@id\":\"https:\/\/donostiajesuitak.org\/#website\",\"url\":\"https:\/\/donostiajesuitak.org\/\",\"name\":\"Jesuitak\",\"description\":\"Jesuitak\",\"potentialAction\":[{\"@type\":\"SearchAction\",\"target\":{\"@type\":\"EntryPoint\",\"urlTemplate\":\"https:\/\/donostiajesuitak.org\/?s={search_term_string}\"},\"query-input\":{\"@type\":\"PropertyValueSpecification\",\"valueRequired\":true,\"valueName\":\"search_term_string\"}}],\"inLanguage\":\"eu-ES\"}]}<\/script>\n<!-- \/ Yoast SEO plugin. -->","yoast_head_json":{"title":"Pol\u00edtica de cookies - Jesuitak","robots":{"index":"noindex","follow":"nofollow"},"og_locale":"eu_ES","og_type":"article","og_title":"Pol\u00edtica de cookies - Jesuitak","og_description":"En cumplimiento de la Ley 34\/2002, de 11 de julio, de Servicios de la Sociedad de la Informaci\u00f3n y Comercio Electr\u00f3nico le informamos de que este sitio web, al igual que la mayor\u00eda de los sitios en Internet, usa Cookies para mejorar y optimizar la experiencia del usuario. A continuaci\u00f3n, encontrar\u00e1 informaci\u00f3n detallada sobre qu\u00e9 [&hellip;]","og_url":"https:\/\/donostiajesuitak.org\/eu\/politica-de-cookies\/","og_site_name":"Jesuitak","article_modified_time":"2023-07-19T14:22:06+00:00","twitter_card":"summary_large_image","schema":{"@context":"https:\/\/schema.org","@graph":[{"@type":"WebPage","@id":"https:\/\/donostiajesuitak.org\/eu\/politica-de-cookies\/","url":"https:\/\/donostiajesuitak.org\/eu\/politica-de-cookies\/","name":"Pol\u00edtica de cookies - Jesuitak","isPartOf":{"@id":"https:\/\/donostiajesuitak.org\/#website"},"datePublished":"2022-09-16T10:00:58+00:00","dateModified":"2023-07-19T14:22:06+00:00","breadcrumb":{"@id":"https:\/\/donostiajesuitak.org\/eu\/politica-de-cookies\/#breadcrumb"},"inLanguage":"eu-ES","potentialAction":[{"@type":"ReadAction","target":["https:\/\/donostiajesuitak.org\/eu\/politica-de-cookies\/"]}]},{"@type":"BreadcrumbList","@id":"https:\/\/donostiajesuitak.org\/eu\/politica-de-cookies\/#breadcrumb","itemListElement":[{"@type":"ListItem","position":1,"name":"Portada","item":"https:\/\/donostiajesuitak.org\/eu\/"},{"@type":"ListItem","position":2,"name":"Pol\u00edtica de cookies"}]},{"@type":"WebSite","@id":"https:\/\/donostiajesuitak.org\/#website","url":"https:\/\/donostiajesuitak.org\/","name":"Jesuitak","description":"Jesuitak","potentialAction":[{"@type":"SearchAction","target":{"@type":"EntryPoint","urlTemplate":"https:\/\/donostiajesuitak.org\/?s={search_term_string}"},"query-input":{"@type":"PropertyValueSpecification","valueRequired":true,"valueName":"search_term_string"}}],"inLanguage":"eu-ES"}]}},"_links":{"self":[{"href":"https:\/\/donostiajesuitak.org\/eu\/wp-json\/wp\/v2\/pages\/4784","targetHints":{"allow":["GET"]}}],"collection":[{"href":"https:\/\/donostiajesuitak.org\/eu\/wp-json\/wp\/v2\/pages"}],"about":[{"href":"https:\/\/donostiajesuitak.org\/eu\/wp-json\/wp\/v2\/types\/page"}],"author":[{"embeddable":true,"href":"https:\/\/donostiajesuitak.org\/eu\/wp-json\/wp\/v2\/users\/1"}],"replies":[{"embeddable":true,"href":"https:\/\/donostiajesuitak.org\/eu\/wp-json\/wp\/v2\/comments?post=4784"}],"version-history":[{"count":2,"href":"https:\/\/donostiajesuitak.org\/eu\/wp-json\/wp\/v2\/pages\/4784\/revisions"}],"predecessor-version":[{"id":6196,"href":"https:\/\/donostiajesuitak.org\/eu\/wp-json\/wp\/v2\/pages\/4784\/revisions\/6196"}],"wp:attachment":[{"href":"https:\/\/donostiajesuitak.org\/eu\/wp-json\/wp\/v2\/media?parent=4784"}],"curies":[{"name":"wp","href":"https:\/\/api.w.org\/{rel}","templated":true}]}}